{"id":15405,"date":"2023-12-01T11:31:00","date_gmt":"2023-12-01T11:31:00","guid":{"rendered":"https:\/\/guedespinto.pt\/sobre-nos\/"},"modified":"2024-08-13T14:49:52","modified_gmt":"2024-08-13T14:49:52","slug":"about-us","status":"publish","type":"page","link":"https:\/\/guedespinto.pt\/en\/about-us\/","title":{"rendered":"About Us"},"content":{"rendered":"\t\t<div data-elementor-type=\"wp-page\" data-elementor-id=\"15405\" class=\"elementor elementor-15405 elementor-14067\">\n\t\t\t\t\t\t<section class=\"elementor-section elementor-top-section elementor-element elementor-element-9b662ed elementor-section-full_width elementor-section-height-default elementor-section-height-default qodef-elementor-content-no\" data-id=\"9b662ed\" data-element_type=\"section\">\n\t\t\t\t\t\t<div class=\"elementor-container elementor-column-gap-default\">\n\t\t\t\t\t<div class=\"elementor-column elementor-col-100 elementor-top-column elementor-element elementor-element-e5cdd31\" data-id=\"e5cdd31\" data-element_type=\"column\">\n\t\t\t<div class=\"elementor-widget-wrap elementor-element-populated\">\n\t\t\t\t\t\t<div class=\"elementor-element elementor-element-7549a0a elementor-widget elementor-widget-archicon_core_section_title\" data-id=\"7549a0a\" data-element_type=\"widget\" data-widget_type=\"archicon_core_section_title.default\">\n\t\t\t\t<div class=\"elementor-widget-container\">\n\t\t\t\t\t<div class=\"qodef-shortcode qodef-m qodef-section-title qodef-alignment--left qodef-has-appear\"  >\n\t\t\t<h1 class=\"qodef-m-title\" style=\"font-weight: 300\">\n\t<span class=\"qodef-m-title-inner\" style=\"--qodef-st-custom-fs: 150px;--qodef-st-custom-fs-1680: 125px;--qodef-st-custom-fs-1440: 105px;--qodef-st-custom-fs-1366: 105px;--qodef-st-custom-fs-768: 80px;--qodef-st-custom-lh-768: 1;--qodef-st-custom-fs-680: 60px;--qodef-st-custom-lh: 118px;--qodef-st-custom-lh-1680: 118px;--qodef-st-custom-lh-1440: 103px;--qodef-st-custom-lh-1366: 103px;--qodef-st-custom-lh-680: 50px\">\n\t\t\tAbout <span class=\"qodef-m-highlight-text\" style=\"font-weight: 400\"><span class=\"qodef--original\">us<\/span><span class=\"qodef--fake\" style=\"color: #000000\">us<\/span><\/span><br \/>\t\t<\/span>\n\t<\/h1>\n\t\t<\/div>\n\t\t\t\t<\/div>\n\t\t\t\t<\/div>\n\t\t\t\t<div class=\"elementor-element elementor-element-e1f46c4 elementor-widget elementor-widget-archicon_core_section_title\" data-id=\"e1f46c4\" data-element_type=\"widget\" data-widget_type=\"archicon_core_section_title.default\">\n\t\t\t\t<div class=\"elementor-widget-container\">\n\t\t\t\t\t<div class=\"qodef-shortcode qodef-m qodef-section-title qodef-alignment--left qodef-title-break--disabled\"  >\n\t\t\t<h4 class=\"qodef-m-title\" style=\"font-weight: 300\">\n\t<span class=\"qodef-m-title-inner\" style=\"--qodef-st-custom-fs-680: 24px;--qodef-st-custom-lh-680: 30px\">\n\t\t\tWe are strategic partners in commercialization<br \/> and real estate investment consultancy.\t\t<\/span>\n\t<\/h4>\n\t\t<\/div>\n\t\t\t\t<\/div>\n\t\t\t\t<\/div>\n\t\t\t\t\t<\/div>\n\t\t<\/div>\n\t\t\t\t\t<\/div>\n\t\t<\/section>\n\t\t\t\t<section class=\"elementor-section elementor-top-section elementor-element elementor-element-1b69e87 elementor-section-full_width elementor-section-height-min-height elementor-section-content-middle elementor-section-height-default elementor-section-items-middle qodef-elementor-content-no\" data-id=\"1b69e87\" data-element_type=\"section\" data-settings=\"{&quot;background_background&quot;:&quot;classic&quot;}\">\n\t\t\t\t\t\t<div class=\"elementor-container elementor-column-gap-default\">\n\t\t\t\t\t<div class=\"elementor-column elementor-col-33 elementor-top-column elementor-element elementor-element-1dc619e\" data-id=\"1dc619e\" data-element_type=\"column\">\n\t\t\t<div class=\"elementor-widget-wrap elementor-element-populated\">\n\t\t\t\t\t\t<div class=\"elementor-element elementor-element-390ff62 elementor-widget elementor-widget-archicon_core_section_title\" data-id=\"390ff62\" data-element_type=\"widget\" data-widget_type=\"archicon_core_section_title.default\">\n\t\t\t\t<div class=\"elementor-widget-container\">\n\t\t\t\t\t<div class=\"qodef-shortcode qodef-m qodef-section-title qodef-alignment--left qodef-title-break--disabled\"  >\n\t\t\t<h2 class=\"qodef-m-title\" style=\"color: #FFFFFF;font-weight: 400\">\n\t<span class=\"qodef-m-title-inner\" style=\"--qodef-st-custom-fs: 55px;--qodef-st-custom-lh: 1;--qodef-st-custom-fs-1440: 55px;--qodef-st-custom-lh-1440: 1;--qodef-st-custom-fs-1366: 55px;--qodef-st-custom-lh-1366: 1;--qodef-st-custom-fs-680: 38px;--qodef-st-custom-lh-680: 1\">\n\t\t\tGuedes Pinto\t\t<\/span>\n\t<\/h2>\n\t\t<\/div>\n\t\t\t\t<\/div>\n\t\t\t\t<\/div>\n\t\t\t\t<div class=\"elementor-element elementor-element-566cff8 elementor-widget elementor-widget-archicon_core_section_title\" data-id=\"566cff8\" data-element_type=\"widget\" data-widget_type=\"archicon_core_section_title.default\">\n\t\t\t\t<div class=\"elementor-widget-container\">\n\t\t\t\t\t<div class=\"qodef-shortcode qodef-m qodef-section-title qodef-alignment--left qodef-title-break--disabled\"  >\n\t\t\t<h4 class=\"qodef-m-title\" style=\"color: #FFFFFF;font-weight: 400\">\n\t<span class=\"qodef-m-title-inner\" >\n\t\t\tIn partnership with our clients we find the best solution for your business and investment.\t\t<\/span>\n\t<\/h4>\n\t\t<\/div>\n\t\t\t\t<\/div>\n\t\t\t\t<\/div>\n\t\t\t\t<div class=\"elementor-element elementor-element-1c7d631 elementor-widget elementor-widget-archicon_core_button\" data-id=\"1c7d631\" data-element_type=\"widget\" data-widget_type=\"archicon_core_button.default\">\n\t\t\t\t<div class=\"elementor-widget-container\">\n\t\t\t\t\t<a class=\"qodef-shortcode qodef-m qodef-button qodef-layout--filled qodef-size--small qodef-html--link\" href=\"https:\/\/guedespinto.pt\/en\/contact\" target=\"_self\" data-hover-color=\"#FFFFFF\" data-hover-background-color=\"#FFFFFF\" style=\"color: #000000;background-color: #FFFFFF\">\n\t<span class=\"qodef-m-text\">CONSULT US<\/span>\n<\/a>\n\t\t\t\t<\/div>\n\t\t\t\t<\/div>\n\t\t\t\t\t<\/div>\n\t\t<\/div>\n\t\t\t\t<div class=\"elementor-column elementor-col-66 elementor-top-column elementor-element elementor-element-d07c5e7\" data-id=\"d07c5e7\" data-element_type=\"column\">\n\t\t\t<div class=\"elementor-widget-wrap elementor-element-populated\">\n\t\t\t\t\t\t<div class=\"elementor-element elementor-element-bbb26f4 elementor-widget__width-initial elementor-widget elementor-widget-archicon_core_section_title\" data-id=\"bbb26f4\" data-element_type=\"widget\" data-widget_type=\"archicon_core_section_title.default\">\n\t\t\t\t<div class=\"elementor-widget-container\">\n\t\t\t\t\t<div class=\"qodef-shortcode qodef-m qodef-section-title qodef-alignment--left qodef-title-break--disabled\"  >\n\t\t\t<h5 class=\"qodef-m-title\" style=\"color: #FFFFFF;font-weight: 400\">\n\t<span class=\"qodef-m-title-inner\" style=\"--qodef-st-custom-fs-768: 16px;--qodef-st-custom-fs-680: 16px;--qodef-st-custom-lh-768: 24px;--qodef-st-custom-lh-680: 24px\">\n\t\t\tGuedes Pinto was incorporated on November 8, 1983, operating under its registered brand \u201cPromovenda\u201d. In 2000, it began using its corporate name as Guedes Pinto, Media\u00e7\u00e3o Imobili\u00e1ria, Lda.\t\t<\/span>\n\t<\/h5>\n\t\t<\/div>\n\t\t\t\t<\/div>\n\t\t\t\t<\/div>\n\t\t\t\t<div class=\"elementor-element elementor-element-9310ab1 elementor-widget__width-initial elementor-widget elementor-widget-archicon_core_section_title\" data-id=\"9310ab1\" data-element_type=\"widget\" data-widget_type=\"archicon_core_section_title.default\">\n\t\t\t\t<div class=\"elementor-widget-container\">\n\t\t\t\t\t<div class=\"qodef-shortcode qodef-m qodef-section-title qodef-alignment--left qodef-title-break--disabled\"  >\n\t\t\t<h5 class=\"qodef-m-title\" style=\"color: #FFFFFF;font-weight: 400\">\n\t<span class=\"qodef-m-title-inner\" style=\"--qodef-st-custom-fs-768: 16px;--qodef-st-custom-fs-680: 16px;--qodef-st-custom-lh-768: 24px;--qodef-st-custom-lh-680: 24px\">\n\t\t\tSince its establishment until today, it has dedicated itself exclusively to corporate real estate, developing multiple skills in this sector.\t\t<\/span>\n\t<\/h5>\n\t\t<\/div>\n\t\t\t\t<\/div>\n\t\t\t\t<\/div>\n\t\t\t\t<div class=\"elementor-element elementor-element-5c0e166 elementor-widget__width-initial elementor-widget elementor-widget-archicon_core_section_title\" data-id=\"5c0e166\" data-element_type=\"widget\" data-widget_type=\"archicon_core_section_title.default\">\n\t\t\t\t<div class=\"elementor-widget-container\">\n\t\t\t\t\t<div class=\"qodef-shortcode qodef-m qodef-section-title qodef-alignment--left qodef-title-break--disabled\"  >\n\t\t\t<h5 class=\"qodef-m-title\" style=\"color: #FFFFFF;font-weight: 400\">\n\t<span class=\"qodef-m-title-inner\" style=\"--qodef-st-custom-fs-768: 16px;--qodef-st-custom-fs-680: 16px;--qodef-st-custom-lh-768: 24px;--qodef-st-custom-lh-680: 24px\">\n\t\t\tAware of the different solutions that the market requires and with the aim of expanding the coverage of services provided to its Clients, Guedes Pinto provides comprehensive services in Corporate Real Estate.\t\t<\/span>\n\t<\/h5>\n\t\t<\/div>\n\t\t\t\t<\/div>\n\t\t\t\t<\/div>\n\t\t\t\t\t<\/div>\n\t\t<\/div>\n\t\t\t\t\t<\/div>\n\t\t<\/section>\n\t\t\t\t<section class=\"elementor-section elementor-top-section elementor-element elementor-element-ea1afc9 elementor-section-full_width elementor-section-height-default elementor-section-height-default qodef-elementor-content-no\" data-id=\"ea1afc9\" data-element_type=\"section\">\n\t\t\t\t\t\t<div class=\"elementor-container elementor-column-gap-default\">\n\t\t\t\t\t<div class=\"elementor-column elementor-col-33 elementor-top-column elementor-element elementor-element-11efb9a\" data-id=\"11efb9a\" data-element_type=\"column\">\n\t\t\t<div class=\"elementor-widget-wrap elementor-element-populated\">\n\t\t\t\t\t\t<div class=\"elementor-element elementor-element-d9ff881 elementor-widget elementor-widget-archicon_core_section_title\" data-id=\"d9ff881\" data-element_type=\"widget\" data-widget_type=\"archicon_core_section_title.default\">\n\t\t\t\t<div class=\"elementor-widget-container\">\n\t\t\t\t\t<div class=\"qodef-shortcode qodef-m qodef-section-title qodef-alignment--left\"  >\n\t\t\t<h2 class=\"qodef-m-title\" >\n\t<span class=\"qodef-m-title-inner\" >\n\t\t\tOur Mission\t\t<\/span>\n\t<\/h2>\n\t\t<\/div>\n\t\t\t\t<\/div>\n\t\t\t\t<\/div>\n\t\t\t\t\t<\/div>\n\t\t<\/div>\n\t\t\t\t<div class=\"elementor-column elementor-col-66 elementor-top-column elementor-element elementor-element-2cfad7a\" data-id=\"2cfad7a\" data-element_type=\"column\">\n\t\t\t<div class=\"elementor-widget-wrap elementor-element-populated\">\n\t\t\t\t\t\t<div class=\"elementor-element elementor-element-c38e7b3 elementor-widget__width-auto elementor-widget elementor-widget-archicon_core_section_title\" data-id=\"c38e7b3\" data-element_type=\"widget\" data-widget_type=\"archicon_core_section_title.default\">\n\t\t\t\t<div class=\"elementor-widget-container\">\n\t\t\t\t\t<div class=\"qodef-shortcode qodef-m qodef-section-title qodef-alignment--left qodef-title-break--disabled\"  >\n\t\t\t<h5 class=\"qodef-m-title\" style=\"color: #000000;font-weight: 400\">\n\t<span class=\"qodef-m-title-inner\" style=\"--qodef-st-custom-fs-768: 16px;--qodef-st-custom-fs-680: 16px;--qodef-st-custom-lh-768: 24px;--qodef-st-custom-lh-680: 24px\">\n\t\t\tBased on vast experience in each sector of activity, Guedes Pinto's fundamental mission is to anticipate the expectations and satisfy the needs of its clients, through the excellence of the service provided, insistently seeking their comfort and security in real estate investments.\t\t<\/span>\n\t<\/h5>\n\t\t<\/div>\n\t\t\t\t<\/div>\n\t\t\t\t<\/div>\n\t\t\t\t<div class=\"elementor-element elementor-element-263f337 elementor-widget__width-initial elementor-widget elementor-widget-archicon_core_section_title\" data-id=\"263f337\" data-element_type=\"widget\" data-widget_type=\"archicon_core_section_title.default\">\n\t\t\t\t<div class=\"elementor-widget-container\">\n\t\t\t\t\t<div class=\"qodef-shortcode qodef-m qodef-section-title qodef-alignment--left qodef-title-break--disabled\"  >\n\t\t\t<h5 class=\"qodef-m-title\" style=\"color: #000000;font-weight: 400\">\n\t<span class=\"qodef-m-title-inner\" style=\"--qodef-st-custom-fs-768: 16px;--qodef-st-custom-fs-680: 16px;--qodef-st-custom-lh-768: 24px;--qodef-st-custom-lh-680: 24px\">\n\t\t\tIts performance in the market is based on dedication to the Customer, professionalism and ethical conduct.\t\t<\/span>\n\t<\/h5>\n\t\t<\/div>\n\t\t\t\t<\/div>\n\t\t\t\t<\/div>\n\t\t\t\t<div class=\"elementor-element elementor-element-b41ce01 elementor-widget__width-initial elementor-widget elementor-widget-archicon_core_section_title\" data-id=\"b41ce01\" data-element_type=\"widget\" data-widget_type=\"archicon_core_section_title.default\">\n\t\t\t\t<div class=\"elementor-widget-container\">\n\t\t\t\t\t<div class=\"qodef-shortcode qodef-m qodef-section-title qodef-alignment--left qodef-title-break--disabled\"  >\n\t\t\t<h5 class=\"qodef-m-title\" style=\"color: #000000;font-weight: 400\">\n\t<span class=\"qodef-m-title-inner\" style=\"--qodef-st-custom-fs-768: 16px;--qodef-st-custom-fs-680: 16px;--qodef-st-custom-lh-768: 24px;--qodef-st-custom-lh-680: 24px\">\n\t\t\tGuedes Pinto is guided by the ethical rules inherent to the legislation governing real estate mediation activities and, in particular, those relating to relationships with Clients and professional colleagues.\t\t<\/span>\n\t<\/h5>\n\t\t<\/div>\n\t\t\t\t<\/div>\n\t\t\t\t<\/div>\n\t\t\t\t\t<\/div>\n\t\t<\/div>\n\t\t\t\t\t<\/div>\n\t\t<\/section>\n\t\t\t\t<\/div>\n\t\t","protected":false},"excerpt":{"rendered":"<p>About usus We are strategic partners in commercialization and real estate investment consultancy. Guedes Pinto In partnership with our clients we find the best solution for your business and investment. CONSULT US Guedes Pinto was incorporated on November 8, 1983, operating under its registered brand \u201cPromovenda\u201d. In 2000, it began using its corporate name as [&hellip;]<\/p>\n","protected":false},"author":1,"featured_media":0,"parent":0,"menu_order":0,"comment_status":"closed","ping_status":"closed","template":"page-full-width.php","meta":{"footnotes":""},"class_list":["post-15405","page","type-page","status-publish","hentry"],"_links":{"self":[{"href":"https:\/\/guedespinto.pt\/en\/wp-json\/wp\/v2\/pages\/15405","targetHints":{"allow":["GET"]}}],"collection":[{"href":"https:\/\/guedespinto.pt\/en\/wp-json\/wp\/v2\/pages"}],"about":[{"href":"https:\/\/guedespinto.pt\/en\/wp-json\/wp\/v2\/types\/page"}],"author":[{"embeddable":true,"href":"https:\/\/guedespinto.pt\/en\/wp-json\/wp\/v2\/users\/1"}],"replies":[{"embeddable":true,"href":"https:\/\/guedespinto.pt\/en\/wp-json\/wp\/v2\/comments?post=15405"}],"version-history":[{"count":4,"href":"https:\/\/guedespinto.pt\/en\/wp-json\/wp\/v2\/pages\/15405\/revisions"}],"predecessor-version":[{"id":15786,"href":"https:\/\/guedespinto.pt\/en\/wp-json\/wp\/v2\/pages\/15405\/revisions\/15786"}],"wp:attachment":[{"href":"https:\/\/guedespinto.pt\/en\/wp-json\/wp\/v2\/media?parent=15405"}],"curies":[{"name":"wp","href":"https:\/\/api.w.org\/{rel}","templated":true}]}}