{"id":15438,"date":"2023-12-05T17:51:36","date_gmt":"2023-12-05T17:51:36","guid":{"rendered":"https:\/\/guedespinto.pt\/politica-de-privacidade\/"},"modified":"2023-12-15T19:08:44","modified_gmt":"2023-12-15T19:08:44","slug":"privacy-policy","status":"publish","type":"page","link":"https:\/\/guedespinto.pt\/en\/privacy-policy\/","title":{"rendered":"Privacy Policy"},"content":{"rendered":"\t\t<div data-elementor-type=\"wp-page\" data-elementor-id=\"15438\" class=\"elementor elementor-15438 elementor-14665\">\n\t\t\t\t\t\t<section class=\"elementor-section elementor-top-section elementor-element elementor-element-9b662ed elementor-section-full_width elementor-section-height-default elementor-section-height-default qodef-elementor-content-no\" data-id=\"9b662ed\" data-element_type=\"section\">\n\t\t\t\t\t\t<div class=\"elementor-container elementor-column-gap-default\">\n\t\t\t\t\t<div class=\"elementor-column elementor-col-100 elementor-top-column elementor-element elementor-element-e5cdd31\" data-id=\"e5cdd31\" data-element_type=\"column\">\n\t\t\t<div class=\"elementor-widget-wrap elementor-element-populated\">\n\t\t\t\t\t\t<div class=\"elementor-element elementor-element-7549a0a elementor-widget elementor-widget-archicon_core_section_title\" data-id=\"7549a0a\" data-element_type=\"widget\" data-widget_type=\"archicon_core_section_title.default\">\n\t\t\t\t<div class=\"elementor-widget-container\">\n\t\t\t\t\t<div class=\"qodef-shortcode qodef-m qodef-section-title qodef-alignment--left qodef-has-appear\"  >\n\t\t\t<h1 class=\"qodef-m-title\" style=\"font-weight: 300\">\n\t<span class=\"qodef-m-title-inner\" style=\"--qodef-st-custom-fs: 150px;--qodef-st-custom-fs-1680: 125px;--qodef-st-custom-fs-1440: 105px;--qodef-st-custom-fs-1366: 105px;--qodef-st-custom-fs-680: 55px;--qodef-st-custom-lh: 118px;--qodef-st-custom-lh-1680: 118px;--qodef-st-custom-lh-1440: 103px;--qodef-st-custom-lh-1366: 103px;--qodef-st-custom-lh-680: 50px\">\n\t\t\t<span class=\"qodef-m-highlight-text\" style=\"font-weight: 400\"><span class=\"qodef--original\">Privacy<\/span><span class=\"qodef--fake\" style=\"color: #000000\">Privacy<\/span><\/span> Policy<br \/>\t\t<\/span>\n\t<\/h1>\n\t\t<\/div>\n\t\t\t\t<\/div>\n\t\t\t\t<\/div>\n\t\t\t\t<div class=\"elementor-element elementor-element-e1f46c4 elementor-widget elementor-widget-archicon_core_section_title\" data-id=\"e1f46c4\" data-element_type=\"widget\" data-widget_type=\"archicon_core_section_title.default\">\n\t\t\t\t<div class=\"elementor-widget-container\">\n\t\t\t\t\t<div class=\"qodef-shortcode qodef-m qodef-section-title qodef-alignment--left qodef-title-break--disabled\"  >\n\t\t\t<h4 class=\"qodef-m-title\" style=\"font-weight: 300\">\n\t<span class=\"qodef-m-title-inner\" style=\"--qodef-st-custom-fs-680: 24px;--qodef-st-custom-lh-680: 30px\">\n\t\t\tGuedes Pinto, Media\u00e7\u00e3o Imobili\u00e1ria, Lda<br \/>\t\t<\/span>\n\t<\/h4>\n\t\t<\/div>\n\t\t\t\t<\/div>\n\t\t\t\t<\/div>\n\t\t\t\t<div class=\"elementor-element elementor-element-facc5b5 elementor-widget elementor-widget-text-editor\" data-id=\"facc5b5\" data-element_type=\"widget\" data-widget_type=\"text-editor.default\">\n\t\t\t\t<div class=\"elementor-widget-container\">\n\t\t\t\t\t\t\t\t\t<h3>Who we are<\/h3>\n<p><\/p>\n<p>Our website address is: https:\/\/guedespinto.pt.<\/p>\n<p><\/p>\n<h3>About data processing<\/h3>\n<p><\/p>\n<p>This Privacy Policy determines the general conditions for the processing of personal data collected by GUEDES PINTO Media\u00e7\u00e3o Imobili\u00e1ria, Lda (hereinafter \u201cGUEDES PINTO\u201d), with registered office at Rua P\u00earo da Covilh\u00e3, n\u00ba 225 \u2013 10.\u00ba Sul 4150-612 Porto and with NIF n\u00ba 501600841, always prioritizing your privacy and ensuring compliance with the New General Data Protection Regulation (GDPR) UE2016\/679 of the European Parliament and the Council, of April 27, 2016 and other applicable national legislation and regulations in force.<\/p>\n<h3>Entity responsible for data processing<\/h3>\n<p><\/p>\n<p>GUEDES PINTO Media\u00e7\u00e3o Imobili\u00e1ria, Lda is the entity responsible for processing your personal data.<\/p>\n<h3>What data do we collect<\/h3>\n<p>Browsing this website does not collect personal information, however, as a contact request form and information request form are available, its use will involve the introduction of personal data, namely name, address, telephone and email. Website navigation information is collected using session cookies but which do not specifically identify you. The personal data collected and processed by GUEDES PINTO are only those provided and consented to by customers, partners or suppliers in strict compliance with the provision of contracted services. GUEDES PINTO does not collect personal data or accept requests for information from minors aged 16 or under.<\/p>\n<h3>How we use your data<\/h3>\n<p>Customer data will only be used essentially in the contractual fulfillment of the provision of services and in compliance with applicable legal obligations, and may be provided to third parties, strictly within the scope of that provision of services and for which they are essential to the proper execution of the same or within the scope of legal obligations.<\/p>\n<h3>Personal data retention period<\/h3>\n<p>Personal data will only be kept for the minimum period necessary for the contractual and legal obligations that motivated their collection and for the fulfillment of any obligations imposed on GUEDES PINTO within the legal or judicial deadlines for the conservation of this personal data.<\/p>\n<h3>Personal data security<\/h3>\n<p>GUEDES PINTO is concerned with your security and privacy and therefore follows technical and organizational procedures that ensure a level of security appropriate to the risk of keeping personal data on file and during their transmission, limiting their use to the strictly necessary and in a limited way for the purpose for which they were collected.<\/p>\n<h3>Right to access and correct personal data<\/h3>\n<p>The holder of personal data is guaranteed and granted, under applicable legal terms, the right to object, access, rectify, forget, limit processing as well as the portability of their personal data. The exercise of these rights must be requested to the email address geral@guedespinto.pt or by written request to the headquarters located at Rua P\u00earo da Covilh\u00e3, n\u00ba 225 \u2013 10.\u00ba Sul 4150-612 Porto.<\/p>\n<h3>Cookies and links<\/h3>\n<p>The GUEDES PINTO website uses technical session cookies, does not use analysis cookies, advertising cookies, personalization cookies or behavioral advertising cookies. Technical cookies are essential cookies to be able to browse and use all the website&#8217;s features, they do not collect information that allows the user to be identified. Its deactivation may change the correct way of viewing the website&#8217;s contents and may even result in the limitation or impossibility of its viewing. Session cookies are technical cookies with the function of saving the user&#8217;s choices while browsing the website. They will be deleted as soon as you exit the browser. They are limited solely to the transmission of session identifiers necessary to allow the safe and efficient exploration of the website. We are not responsible for the content and accuracy of the terms and conditions of use and privacy policies of third-party cookies. You can configure your browser to not accept cookies, however failure to activate cookies may result in some website features running incorrectly. The user can prevent\/limit the storage of cookies through the settings in their browser. This way you can access the privacy configuration options and select the option that allows you to disable the automatic acceptance of cookies. Below we provide links to cookie configuration instructions for the various browsers: <a href=\"https:\/\/support.google.com\/chrome\/answer\/95647\" target=\"_blank\" rel=\"noopener\">Google Chrome\u2122<\/a>, <a href=\"https:\/\/support.microsoft.com\/help\/17442\/windows-internet-explorer-delete-manage-cookies\" target=\"_blank\" rel=\"noopener\">Microsoft Internet Explorer\u2122<\/a>, <a href=\"https:\/\/support.mozilla.org\/kb\/enable-and-disable-cookies-website-preferences\" target=\"_blank\" rel=\"noopener\">Mozilla Firefox\u2122<\/a>, <a href=\"https:\/\/support.apple.com\/en-gb\/guide\/safari\/sfri11471\/mac\" target=\"_blank\" rel=\"noopener\">Apple Safari\u2122<\/a>, <a href=\"https:\/\/blogs.opera.com\/news\/2015\/08\/how-to-manage-cookies-in-opera\/\" target=\"_blank\" rel=\"noopener\">Opera\u2122<\/a>, <a href=\"https:\/\/support.microsoft.com\/en-us\/help\/4468242\/microsoft-edge-browsing-data-and-privacy-microsoft-privacy\" target=\"_blank\" rel=\"noopener\">Microsoft Edge\u2122<\/a>. This website may contain links to external websites. We advise you to consult the privacy policies of these websites, as this privacy policy only refers to this website.<\/p>\n<h3>Changes to the privacy policy<\/h3>\n<p>The updated version of our privacy policy will always be available on our website. GUEDES PINTO reserves the right to change this privacy policy whenever it deems appropriate and without prior notice.<\/p>\n<h3>Contacts and clarifications<\/h3>\n<p>If you have any questions regarding the processing of personal data, please contact us at the headquarters at Rua P\u00earo da Covilh\u00e3, n\u00ba 225 \u2013 10.\u00ba Sul 4150-612 Porto., or alternatively at <a href=\"tel:+351 917 569 743\" target=\"_blank\" rel=\"noopener\">+351 917 569 743<\/a> (call for the national mobile network) or by email: <a href=\"mailto:geral@guedespinto.pt\" target=\"_blank\" rel=\"noopener\">geral@guedespinto.pt<\/a>.<\/p>\n<p><\/p>\t\t\t\t\t\t\t\t<\/div>\n\t\t\t\t<\/div>\n\t\t\t\t\t<\/div>\n\t\t<\/div>\n\t\t\t\t\t<\/div>\n\t\t<\/section>\n\t\t\t\t<\/div>\n\t\t","protected":false},"excerpt":{"rendered":"<p>PrivacyPrivacy Policy Guedes Pinto, Media\u00e7\u00e3o Imobili\u00e1ria, Lda Who we are Our website address is: https:\/\/guedespinto.pt. About data processing This Privacy Policy determines the general conditions for the processing of personal data collected by GUEDES PINTO Media\u00e7\u00e3o Imobili\u00e1ria, Lda (hereinafter \u201cGUEDES PINTO\u201d), with registered office at Rua P\u00earo da Covilh\u00e3, n\u00ba 225 \u2013 10.\u00ba Sul 4150-612 [&hellip;]<\/p>\n","protected":false},"author":1,"featured_media":0,"parent":0,"menu_order":0,"comment_status":"closed","ping_status":"closed","template":"page-full-width.php","meta":{"footnotes":""},"class_list":["post-15438","page","type-page","status-publish","hentry"],"_links":{"self":[{"href":"https:\/\/guedespinto.pt\/en\/wp-json\/wp\/v2\/pages\/15438","targetHints":{"allow":["GET"]}}],"collection":[{"href":"https:\/\/guedespinto.pt\/en\/wp-json\/wp\/v2\/pages"}],"about":[{"href":"https:\/\/guedespinto.pt\/en\/wp-json\/wp\/v2\/types\/page"}],"author":[{"embeddable":true,"href":"https:\/\/guedespinto.pt\/en\/wp-json\/wp\/v2\/users\/1"}],"replies":[{"embeddable":true,"href":"https:\/\/guedespinto.pt\/en\/wp-json\/wp\/v2\/comments?post=15438"}],"version-history":[{"count":0,"href":"https:\/\/guedespinto.pt\/en\/wp-json\/wp\/v2\/pages\/15438\/revisions"}],"wp:attachment":[{"href":"https:\/\/guedespinto.pt\/en\/wp-json\/wp\/v2\/media?parent=15438"}],"curies":[{"name":"wp","href":"https:\/\/api.w.org\/{rel}","templated":true}]}}